{"id":87,"date":"2020-01-02T23:24:53","date_gmt":"2020-01-02T23:24:53","guid":{"rendered":"http:\/\/jamer.pl\/?page_id=87"},"modified":"2020-01-02T23:49:55","modified_gmt":"2020-01-02T23:49:55","slug":"ekonometria-finansowa","status":"publish","type":"page","link":"http:\/\/jamer.pl\/index.php\/ekonometria-finansowa\/","title":{"rendered":"Ekonometria Finansowa"},"content":{"rendered":"\n<h2>Wyk\u0142ady<\/h2>\n\n\n\n<ul><li><a href=\"https:\/\/drive.google.com\/file\/d\/0B6ymQws07VhsanVnSkVkNVlrclk\/view?usp=sharing\" target=\"_blank\" rel=\"noreferrer noopener\" aria-label=\" (opens in a new tab)\">Zarys zagadnie\u0144 zwi\u0105zanych z rynkami finansowymi<\/a><\/li><li><a href=\"https:\/\/drive.google.com\/file\/d\/0B6ymQws07VhsTUYycnpjWGVXQlE\/view?usp=sharing\" target=\"_blank\" rel=\"noreferrer noopener\" aria-label=\" (opens in a new tab)\">Teoria efektywno\u015bci informacyjnej rynku<\/a><\/li><li><a href=\"https:\/\/drive.google.com\/file\/d\/0B6ymQws07VhsZHdUY044SkhQX0E\/view?usp=sharing\" target=\"_blank\" rel=\"noreferrer noopener\" aria-label=\" (opens in a new tab)\">Dekompozycja szereg\u00f3w czasowych<\/a><\/li><li><a href=\"https:\/\/drive.google.com\/file\/d\/0B6ymQws07VhsZkhTZ2dWY3ZhX3c\/view?usp=sharing\" target=\"_blank\" rel=\"noreferrer noopener\" aria-label=\" (opens in a new tab)\">Zaawansowane aspekty modelowania jednowymiarowych szereg\u00f3w czasowych<\/a><\/li><li><a href=\"https:\/\/drive.google.com\/file\/d\/0B6ymQws07VhsZDVhcFByWVhTMDQ\/view?usp=sharing\" target=\"_blank\" rel=\"noreferrer noopener\" aria-label=\" (opens in a new tab)\">Wielowymiarowe modele szereg\u00f3w czasowych<\/a><\/li><li><a href=\"https:\/\/drive.google.com\/file\/d\/1sMh-q8ivX2Akg5dowvGrgwH1hSP-YpqN\/view?usp=sharing\" target=\"_blank\" rel=\"noreferrer noopener\" aria-label=\" (opens in a new tab)\">Ryzyko rynkowe<\/a><\/li><\/ul>\n\n\n\n<h2>Laboratoria<\/h2>\n\n\n\n<ul><li><a href=\"https:\/\/drive.google.com\/file\/d\/0B6ymQws07VhsaEpZTnhOdk1ZY1U\/view?usp=sharing\" target=\"_blank\" rel=\"noreferrer noopener\" aria-label=\" (opens in a new tab)\">Zarys zagadnie\u0144 zwi\u0105zanych z rynkami finansowymi<\/a><\/li><li><a href=\"https:\/\/drive.google.com\/file\/d\/0B6ymQws07VhsTEc2aUR1aHdBeUE\/view?usp=sharing\" target=\"_blank\" rel=\"noreferrer noopener\" aria-label=\" (opens in a new tab)\">Teoria efektywno\u015bci informacyjnej rynku<\/a><\/li><li><a href=\"https:\/\/drive.google.com\/file\/d\/0B6ymQws07VhsemRMUktoTGhJa1U\/view?usp=sharing\" target=\"_blank\" rel=\"noreferrer noopener\" aria-label=\" (opens in a new tab)\">Dekompozycja szereg\u00f3w czasowych<\/a><\/li><li><a href=\"https:\/\/drive.google.com\/file\/d\/0B6ymQws07VhsdWlheGpxUW8wZjQ\/view?usp=sharing\" target=\"_blank\" rel=\"noreferrer noopener\" aria-label=\" (opens in a new tab)\">Zaawansowane aspekty modelowania jednowymiarowych szereg\u00f3w czasowych<\/a><\/li><li><a href=\"https:\/\/drive.google.com\/file\/d\/17yyzOt7N4xMFep09QN7AvRHhklIRgMUF\/view?usp=sharing\" target=\"_blank\" rel=\"noreferrer noopener\" aria-label=\" (opens in a new tab)\">Wielowymiarowe modele szereg\u00f3w czasowych<\/a><\/li><li><a href=\"https:\/\/drive.google.com\/file\/d\/13cWpAIav92JDDlxYHFRSqMJfHomE-sge\/view?usp=sharing\" target=\"_blank\" rel=\"noreferrer noopener\" aria-label=\" (opens in a new tab)\">Ryzyko rynkowe<\/a><\/li><\/ul>\n\n\n\n<p><\/p>\n","protected":false},"excerpt":{"rendered":"<p>Wyk\u0142ady Zarys zagadnie\u0144 zwi\u0105zanych z rynkami finansowymi Teoria efektywno\u015bci informacyjnej rynku Dekompozycja szereg\u00f3w czasowych Zaawansowane aspekty modelowania jednowymiarowych szereg\u00f3w czasowych Wielowymiarowe modele szereg\u00f3w czasowych Ryzyko rynkowe Laboratoria Zarys zagadnie\u0144 zwi\u0105zanych z rynkami finansowymi Teoria efektywno\u015bci informacyjnej rynku Dekompozycja szereg\u00f3w czasowych Zaawansowane aspekty modelowania jednowymiarowych szereg\u00f3w czasowych Wielowymiarowe modele szereg\u00f3w czasowych Ryzyko rynkowe<\/p>\n","protected":false},"author":2,"featured_media":0,"parent":0,"menu_order":0,"comment_status":"closed","ping_status":"closed","template":"","meta":[],"_links":{"self":[{"href":"http:\/\/jamer.pl\/index.php\/wp-json\/wp\/v2\/pages\/87"}],"collection":[{"href":"http:\/\/jamer.pl\/index.php\/wp-json\/wp\/v2\/pages"}],"about":[{"href":"http:\/\/jamer.pl\/index.php\/wp-json\/wp\/v2\/types\/page"}],"author":[{"embeddable":true,"href":"http:\/\/jamer.pl\/index.php\/wp-json\/wp\/v2\/users\/2"}],"replies":[{"embeddable":true,"href":"http:\/\/jamer.pl\/index.php\/wp-json\/wp\/v2\/comments?post=87"}],"version-history":[{"count":2,"href":"http:\/\/jamer.pl\/index.php\/wp-json\/wp\/v2\/pages\/87\/revisions"}],"predecessor-version":[{"id":92,"href":"http:\/\/jamer.pl\/index.php\/wp-json\/wp\/v2\/pages\/87\/revisions\/92"}],"wp:attachment":[{"href":"http:\/\/jamer.pl\/index.php\/wp-json\/wp\/v2\/media?parent=87"}],"curies":[{"name":"wp","href":"https:\/\/api.w.org\/{rel}","templated":true}]}}