{"id":75,"date":"2020-01-02T22:48:36","date_gmt":"2020-01-02T22:48:36","guid":{"rendered":"http:\/\/jamer.pl\/?page_id=75"},"modified":"2020-01-02T23:18:33","modified_gmt":"2020-01-02T23:18:33","slug":"ekonometria-dynamiczna","status":"publish","type":"page","link":"http:\/\/jamer.pl\/index.php\/ekonometria-dynamiczna\/","title":{"rendered":"Ekonometria Dynamiczna"},"content":{"rendered":"\n<h2>Wyk\u0142ady<\/h2>\n\n\n\n<ul><li><a href=\"https:\/\/drive.google.com\/file\/d\/0B6ymQws07VhsbEdMSWxzWV9LcGc\/view?usp=sharing\" target=\"_blank\" rel=\"noreferrer noopener\" aria-label=\" (opens in a new tab)\">Szereg czasowy i jego w\u0142a\u015bciwo\u015bci<\/a><\/li><li><a href=\"https:\/\/drive.google.com\/file\/d\/0B6ymQws07VhsQkNqQ1JTMmZDMDg\/view?usp=sharing\" target=\"_blank\" rel=\"noreferrer noopener\" aria-label=\" (opens in a new tab)\">Stacjonarno\u015b\u0107 szereg\u00f3w czasowych<\/a><\/li><li><a href=\"https:\/\/drive.google.com\/file\/d\/0B6ymQws07VhsdU9xdVZBVXlKQW8\/view?usp=sharing\" target=\"_blank\" rel=\"noreferrer noopener\" aria-label=\" (opens in a new tab)\">Model liniowy<\/a><\/li><li><a href=\"https:\/\/drive.google.com\/file\/d\/0B6ymQws07VhsX3JpRGY4X0s0MTA\/view?usp=sharing\" target=\"_blank\" rel=\"noreferrer noopener\" aria-label=\" (opens in a new tab)\">Wybrane modele jednowymiarowych szereg\u00f3w czasowych<\/a><\/li><li><a href=\"https:\/\/drive.google.com\/file\/d\/0B6ymQws07VhsVHJsVF9LZHdySTg\/view?usp=sharing\" target=\"_blank\" rel=\"noreferrer noopener\" aria-label=\" (opens in a new tab)\">Analiza kointegracji<\/a><\/li><li><a href=\"https:\/\/drive.google.com\/file\/d\/0B6ymQws07Vhsc2gxRHBQV1VZV2s\/view?usp=sharing\" target=\"_blank\" rel=\"noreferrer noopener\" aria-label=\" (opens in a new tab)\">Modelowanie zmienno\u015bci wariancji<\/a><\/li><\/ul>\n\n\n\n<h2>Laboratoria<\/h2>\n\n\n\n<ul><li><a href=\"https:\/\/drive.google.com\/file\/d\/1XUY9NcxoluAbquUt7M-VF9Vgx5gukvS7\/view?usp=sharing\" target=\"_blank\" rel=\"noreferrer noopener\" aria-label=\" (opens in a new tab)\">Szereg czasowy i jego w\u0142a\u015bciwo\u015bci<\/a><\/li><li><a href=\"https:\/\/drive.google.com\/file\/d\/17C1jDjYPUacE6mubF8AQgaxQb3G4Lhz3\/view?usp=sharing\" target=\"_blank\" rel=\"noreferrer noopener\" aria-label=\" (opens in a new tab)\">Stacjonarno\u015b\u0107 szereg\u00f3w czasowych<\/a><\/li><li><a href=\"https:\/\/drive.google.com\/file\/d\/0B6ymQws07VhseWR6ODB3QV9YNjg\/view?usp=sharing\" target=\"_blank\" rel=\"noreferrer noopener\" aria-label=\" (opens in a new tab)\">Model liniowy<\/a><\/li><li><a href=\"https:\/\/drive.google.com\/file\/d\/1K820hDtE6tUY5-60BylWzqh437KtITFI\/view?usp=sharing\" target=\"_blank\" rel=\"noreferrer noopener\" aria-label=\" (opens in a new tab)\">Wybrane modele jednowymiarowych szereg\u00f3w czasowych<\/a><\/li><li><a href=\"https:\/\/drive.google.com\/file\/d\/0B6ymQws07VhsQ0c0Y3kzVVNrdW8\/view?usp=sharing\" target=\"_blank\" rel=\"noreferrer noopener\" aria-label=\" (opens in a new tab)\">Analiza kointegracji<\/a><\/li><li><a href=\"https:\/\/drive.google.com\/file\/d\/0B6ymQws07VhsNDVWR3BtOUk1cFU\/view?usp=sharing\">Modeloanie zmienno\u015bci wariancji<\/a><\/li><\/ul>\n\n\n\n<p><\/p>\n","protected":false},"excerpt":{"rendered":"<p>Wyk\u0142ady Szereg czasowy i jego w\u0142a\u015bciwo\u015bci Stacjonarno\u015b\u0107 szereg\u00f3w czasowych Model liniowy Wybrane modele jednowymiarowych szereg\u00f3w czasowych Analiza kointegracji Modelowanie zmienno\u015bci wariancji Laboratoria Szereg czasowy i jego w\u0142a\u015bciwo\u015bci Stacjonarno\u015b\u0107 szereg\u00f3w czasowych Model liniowy Wybrane modele jednowymiarowych szereg\u00f3w czasowych Analiza kointegracji Modeloanie zmienno\u015bci wariancji<\/p>\n","protected":false},"author":2,"featured_media":0,"parent":0,"menu_order":0,"comment_status":"closed","ping_status":"closed","template":"","meta":[],"_links":{"self":[{"href":"http:\/\/jamer.pl\/index.php\/wp-json\/wp\/v2\/pages\/75"}],"collection":[{"href":"http:\/\/jamer.pl\/index.php\/wp-json\/wp\/v2\/pages"}],"about":[{"href":"http:\/\/jamer.pl\/index.php\/wp-json\/wp\/v2\/types\/page"}],"author":[{"embeddable":true,"href":"http:\/\/jamer.pl\/index.php\/wp-json\/wp\/v2\/users\/2"}],"replies":[{"embeddable":true,"href":"http:\/\/jamer.pl\/index.php\/wp-json\/wp\/v2\/comments?post=75"}],"version-history":[{"count":4,"href":"http:\/\/jamer.pl\/index.php\/wp-json\/wp\/v2\/pages\/75\/revisions"}],"predecessor-version":[{"id":84,"href":"http:\/\/jamer.pl\/index.php\/wp-json\/wp\/v2\/pages\/75\/revisions\/84"}],"wp:attachment":[{"href":"http:\/\/jamer.pl\/index.php\/wp-json\/wp\/v2\/media?parent=75"}],"curies":[{"name":"wp","href":"https:\/\/api.w.org\/{rel}","templated":true}]}}