{"id":134,"date":"2020-05-14T21:57:17","date_gmt":"2020-05-14T21:57:17","guid":{"rendered":"http:\/\/jamer.pl\/?page_id=134"},"modified":"2020-06-16T15:03:30","modified_gmt":"2020-06-16T15:03:30","slug":"raporty","status":"publish","type":"page","link":"http:\/\/jamer.pl\/index.php\/raporty\/","title":{"rendered":"Raporty"},"content":{"rendered":"\n<ul><li><a rel=\"noreferrer noopener\" href=\"http:\/\/covid19.jamer.pl\" target=\"_blank\">COVID19<\/a> &#8211; zestaw statystyk, obrazuj\u0105cych rozw\u00f3j epidemii COVID-19 w Polsce i na \u015bwiecie.<\/li><\/ul>\n\n\n\n<p><\/p>\n","protected":false},"excerpt":{"rendered":"<p>COVID19 &#8211; zestaw statystyk, obrazuj\u0105cych rozw\u00f3j epidemii COVID-19 w Polsce i na \u015bwiecie.<\/p>\n","protected":false},"author":2,"featured_media":0,"parent":0,"menu_order":0,"comment_status":"closed","ping_status":"closed","template":"","meta":[],"_links":{"self":[{"href":"http:\/\/jamer.pl\/index.php\/wp-json\/wp\/v2\/pages\/134"}],"collection":[{"href":"http:\/\/jamer.pl\/index.php\/wp-json\/wp\/v2\/pages"}],"about":[{"href":"http:\/\/jamer.pl\/index.php\/wp-json\/wp\/v2\/types\/page"}],"author":[{"embeddable":true,"href":"http:\/\/jamer.pl\/index.php\/wp-json\/wp\/v2\/users\/2"}],"replies":[{"embeddable":true,"href":"http:\/\/jamer.pl\/index.php\/wp-json\/wp\/v2\/comments?post=134"}],"version-history":[{"count":3,"href":"http:\/\/jamer.pl\/index.php\/wp-json\/wp\/v2\/pages\/134\/revisions"}],"predecessor-version":[{"id":157,"href":"http:\/\/jamer.pl\/index.php\/wp-json\/wp\/v2\/pages\/134\/revisions\/157"}],"wp:attachment":[{"href":"http:\/\/jamer.pl\/index.php\/wp-json\/wp\/v2\/media?parent=134"}],"curies":[{"name":"wp","href":"https:\/\/api.w.org\/{rel}","templated":true}]}}